{"id":1248,"date":"2022-11-17T09:36:53","date_gmt":"2022-11-17T09:36:53","guid":{"rendered":"http:\/\/www.residenciaroma.es\/cuina-i-nutricio\/"},"modified":"2022-12-21T14:36:12","modified_gmt":"2022-12-21T14:36:12","slug":"cuina-i-nutricio","status":"publish","type":"page","link":"https:\/\/residenciaroma.com\/ca\/serveis\/cuina-i-nutricio\/","title":{"rendered":"Cuina i nutrici\u00f3"},"content":{"rendered":"\t\t<div data-elementor-type=\"wp-page\" data-elementor-id=\"1248\" class=\"elementor elementor-1248 elementor-857\">\n\t\t\t\t\t\t<section class=\"elementor-section elementor-top-section elementor-element elementor-element-6e6b2654 elementor-section-boxed elementor-section-height-default elementor-section-height-default\" data-id=\"6e6b2654\" data-element_type=\"section\" data-e-type=\"section\">\n\t\t\t\t\t\t<div class=\"elementor-container elementor-column-gap-default\">\n\t\t\t\t\t<div class=\"elementor-column elementor-col-100 elementor-top-column elementor-element elementor-element-36eab4f6\" data-id=\"36eab4f6\" data-element_type=\"column\" data-e-type=\"column\" data-settings=\"{&quot;background_background&quot;:&quot;classic&quot;}\">\n\t\t\t<div class=\"elementor-widget-wrap elementor-element-populated\">\n\t\t\t\t\t<div class=\"elementor-background-overlay\"><\/div>\n\t\t\t\t\t\t\t<\/div>\n\t\t<\/div>\n\t\t\t\t\t<\/div>\n\t\t<\/section>\n\t\t\t\t<section class=\"elementor-section elementor-top-section elementor-element elementor-element-f5805a1 elementor-section-boxed elementor-section-height-default elementor-section-height-default\" data-id=\"f5805a1\" data-element_type=\"section\" data-e-type=\"section\" id=\"cercania_familiar\">\n\t\t\t\t\t\t<div class=\"elementor-container elementor-column-gap-default\">\n\t\t\t\t\t<div class=\"elementor-column elementor-col-100 elementor-top-column elementor-element elementor-element-30449a9\" data-id=\"30449a9\" data-element_type=\"column\" data-e-type=\"column\">\n\t\t\t<div class=\"elementor-widget-wrap elementor-element-populated\">\n\t\t\t\t\t\t<div class=\"elementor-element elementor-element-5aa862c elementor-widget elementor-widget-text-editor\" data-id=\"5aa862c\" data-element_type=\"widget\" data-e-type=\"widget\" data-widget_type=\"text-editor.default\">\n\t\t\t\t<div class=\"elementor-widget-container\">\n\t\t\t\t\t\t\t\t\t<p>Disposem d\u00b4una \u00e0mplia cuina, on, di\u00e0riament, elaborem els nostres men\u00fas, completament casolans. Consisteixen en dieta Basal, Diab\u00e8tica, Hipos\u00f2dica, Hipocal\u00f2rica i Turmix, sense oblidar mai els gustos i prefer\u00e8ncies dels nostres residents.<\/p>\n\t\t\t\t\t\t\t\t<\/div>\n\t\t\t\t<\/div>\n\t\t\t\t<div class=\"elementor-element elementor-element-473f2eb elementor-widget elementor-widget-gallery\" data-id=\"473f2eb\" data-element_type=\"widget\" data-e-type=\"widget\" data-settings=\"{&quot;gallery_layout&quot;:&quot;masonry&quot;,&quot;columns&quot;:3,&quot;lazyload&quot;:&quot;yes&quot;,&quot;columns_tablet&quot;:2,&quot;columns_mobile&quot;:1,&quot;gap&quot;:{&quot;unit&quot;:&quot;px&quot;,&quot;size&quot;:10,&quot;sizes&quot;:[]},&quot;gap_tablet&quot;:{&quot;unit&quot;:&quot;px&quot;,&quot;size&quot;:10,&quot;sizes&quot;:[]},&quot;gap_mobile&quot;:{&quot;unit&quot;:&quot;px&quot;,&quot;size&quot;:10,&quot;sizes&quot;:[]},&quot;link_to&quot;:&quot;file&quot;,&quot;overlay_background&quot;:&quot;yes&quot;,&quot;content_hover_animation&quot;:&quot;fade-in&quot;}\" data-widget_type=\"gallery.default\">\n\t\t\t\t<div class=\"elementor-widget-container\">\n\t\t\t\t\t\t\t<div class=\"elementor-gallery__container\">\n\t\t\t\t\t\t\t<a class=\"e-gallery-item elementor-gallery-item elementor-animated-content\" href=\"https:\/\/residenciaroma.com\/wp-content\/uploads\/2022\/11\/img_cocinaynutricion.webp\" data-elementor-open-lightbox=\"yes\" data-elementor-lightbox-slideshow=\"all-473f2eb\" data-elementor-lightbox-title=\"img_cocinaynutricion\" data-e-action-hash=\"#elementor-action%3Aaction%3Dlightbox%26settings%3DeyJpZCI6Mjg0LCJ1cmwiOiJodHRwczpcL1wvcmVzaWRlbmNpYXJvbWEuY29tXC93cC1jb250ZW50XC91cGxvYWRzXC8yMDIyXC8xMVwvaW1nX2NvY2luYXludXRyaWNpb24ud2VicCIsInNsaWRlc2hvdyI6ImFsbC00NzNmMmViIn0%3D\">\n\t\t\t\t\t<div class=\"e-gallery-image elementor-gallery-item__image\" data-thumbnail=\"https:\/\/residenciaroma.com\/wp-content\/uploads\/2022\/11\/img_cocinaynutricion.webp\" data-width=\"600\" data-height=\"600\" alt=\"\" ><\/div>\n\t\t\t\t\t\t\t\t\t\t\t<div class=\"elementor-gallery-item__overlay\"><\/div>\n\t\t\t\t\t\t\t\t\t\t\t\t\t\t<\/a>\n\t\t\t\t\t\t\t<a class=\"e-gallery-item elementor-gallery-item elementor-animated-content\" href=\"https:\/\/residenciaroma.com\/wp-content\/uploads\/2022\/11\/IMG20211022135559.webp\" data-elementor-open-lightbox=\"yes\" data-elementor-lightbox-slideshow=\"all-473f2eb\" data-elementor-lightbox-title=\"IMG20211022135559\" data-e-action-hash=\"#elementor-action%3Aaction%3Dlightbox%26settings%3DeyJpZCI6Nzk2LCJ1cmwiOiJodHRwczpcL1wvcmVzaWRlbmNpYXJvbWEuY29tXC93cC1jb250ZW50XC91cGxvYWRzXC8yMDIyXC8xMVwvSU1HMjAyMTEwMjIxMzU1NTkud2VicCIsInNsaWRlc2hvdyI6ImFsbC00NzNmMmViIn0%3D\">\n\t\t\t\t\t<div class=\"e-gallery-image elementor-gallery-item__image\" data-thumbnail=\"https:\/\/residenciaroma.com\/wp-content\/uploads\/2022\/11\/IMG20211022135559.webp\" data-width=\"800\" data-height=\"1067\" alt=\"\" ><\/div>\n\t\t\t\t\t\t\t\t\t\t\t<div class=\"elementor-gallery-item__overlay\"><\/div>\n\t\t\t\t\t\t\t\t\t\t\t\t\t\t<\/a>\n\t\t\t\t\t\t\t<a class=\"e-gallery-item elementor-gallery-item elementor-animated-content\" href=\"https:\/\/residenciaroma.com\/wp-content\/uploads\/2022\/11\/20221024_134136.webp\" data-elementor-open-lightbox=\"yes\" data-elementor-lightbox-slideshow=\"all-473f2eb\" data-elementor-lightbox-title=\"20221024_134136\" data-e-action-hash=\"#elementor-action%3Aaction%3Dlightbox%26settings%3DeyJpZCI6Nzg5LCJ1cmwiOiJodHRwczpcL1wvcmVzaWRlbmNpYXJvbWEuY29tXC93cC1jb250ZW50XC91cGxvYWRzXC8yMDIyXC8xMVwvMjAyMjEwMjRfMTM0MTM2LndlYnAiLCJzbGlkZXNob3ciOiJhbGwtNDczZjJlYiJ9\">\n\t\t\t\t\t<div class=\"e-gallery-image elementor-gallery-item__image\" data-thumbnail=\"https:\/\/residenciaroma.com\/wp-content\/uploads\/2022\/11\/20221024_134136.webp\" data-width=\"800\" data-height=\"800\" alt=\"\" ><\/div>\n\t\t\t\t\t\t\t\t\t\t\t<div class=\"elementor-gallery-item__overlay\"><\/div>\n\t\t\t\t\t\t\t\t\t\t\t\t\t\t<\/a>\n\t\t\t\t\t\t\t<a class=\"e-gallery-item elementor-gallery-item elementor-animated-content\" href=\"https:\/\/residenciaroma.com\/wp-content\/uploads\/2022\/11\/IMG20211022133015.webp\" data-elementor-open-lightbox=\"yes\" data-elementor-lightbox-slideshow=\"all-473f2eb\" data-elementor-lightbox-title=\"IMG20211022133015\" data-e-action-hash=\"#elementor-action%3Aaction%3Dlightbox%26settings%3DeyJpZCI6Nzk1LCJ1cmwiOiJodHRwczpcL1wvcmVzaWRlbmNpYXJvbWEuY29tXC93cC1jb250ZW50XC91cGxvYWRzXC8yMDIyXC8xMVwvSU1HMjAyMTEwMjIxMzMwMTUud2VicCIsInNsaWRlc2hvdyI6ImFsbC00NzNmMmViIn0%3D\">\n\t\t\t\t\t<div class=\"e-gallery-image elementor-gallery-item__image\" data-thumbnail=\"https:\/\/residenciaroma.com\/wp-content\/uploads\/2022\/11\/IMG20211022133015.webp\" data-width=\"800\" data-height=\"1067\" alt=\"\" ><\/div>\n\t\t\t\t\t\t\t\t\t\t\t<div class=\"elementor-gallery-item__overlay\"><\/div>\n\t\t\t\t\t\t\t\t\t\t\t\t\t\t<\/a>\n\t\t\t\t\t\t\t<a class=\"e-gallery-item elementor-gallery-item elementor-animated-content\" href=\"https:\/\/residenciaroma.com\/wp-content\/uploads\/2022\/11\/IMG20211022125329.webp\" data-elementor-open-lightbox=\"yes\" data-elementor-lightbox-slideshow=\"all-473f2eb\" data-elementor-lightbox-title=\"IMG20211022125329\" data-e-action-hash=\"#elementor-action%3Aaction%3Dlightbox%26settings%3DeyJpZCI6NzkzLCJ1cmwiOiJodHRwczpcL1wvcmVzaWRlbmNpYXJvbWEuY29tXC93cC1jb250ZW50XC91cGxvYWRzXC8yMDIyXC8xMVwvSU1HMjAyMTEwMjIxMjUzMjkud2VicCIsInNsaWRlc2hvdyI6ImFsbC00NzNmMmViIn0%3D\">\n\t\t\t\t\t<div class=\"e-gallery-image elementor-gallery-item__image\" data-thumbnail=\"https:\/\/residenciaroma.com\/wp-content\/uploads\/2022\/11\/IMG20211022125329.webp\" data-width=\"800\" data-height=\"1067\" alt=\"\" ><\/div>\n\t\t\t\t\t\t\t\t\t\t\t<div class=\"elementor-gallery-item__overlay\"><\/div>\n\t\t\t\t\t\t\t\t\t\t\t\t\t\t<\/a>\n\t\t\t\t\t\t\t<a class=\"e-gallery-item elementor-gallery-item elementor-animated-content\" href=\"https:\/\/residenciaroma.com\/wp-content\/uploads\/2022\/11\/IMG20211022125326.webp\" data-elementor-open-lightbox=\"yes\" data-elementor-lightbox-slideshow=\"all-473f2eb\" data-elementor-lightbox-title=\"IMG20211022125326\" data-e-action-hash=\"#elementor-action%3Aaction%3Dlightbox%26settings%3DeyJpZCI6NzkyLCJ1cmwiOiJodHRwczpcL1wvcmVzaWRlbmNpYXJvbWEuY29tXC93cC1jb250ZW50XC91cGxvYWRzXC8yMDIyXC8xMVwvSU1HMjAyMTEwMjIxMjUzMjYud2VicCIsInNsaWRlc2hvdyI6ImFsbC00NzNmMmViIn0%3D\">\n\t\t\t\t\t<div class=\"e-gallery-image elementor-gallery-item__image\" data-thumbnail=\"https:\/\/residenciaroma.com\/wp-content\/uploads\/2022\/11\/IMG20211022125326.webp\" data-width=\"800\" data-height=\"1067\" alt=\"\" ><\/div>\n\t\t\t\t\t\t\t\t\t\t\t<div class=\"elementor-gallery-item__overlay\"><\/div>\n\t\t\t\t\t\t\t\t\t\t\t\t\t\t<\/a>\n\t\t\t\t\t\t\t<a class=\"e-gallery-item elementor-gallery-item elementor-animated-content\" href=\"https:\/\/residenciaroma.com\/wp-content\/uploads\/2022\/11\/IMG20211022125319.webp\" data-elementor-open-lightbox=\"yes\" data-elementor-lightbox-slideshow=\"all-473f2eb\" data-elementor-lightbox-title=\"IMG20211022125319\" data-e-action-hash=\"#elementor-action%3Aaction%3Dlightbox%26settings%3DeyJpZCI6NzkxLCJ1cmwiOiJodHRwczpcL1wvcmVzaWRlbmNpYXJvbWEuY29tXC93cC1jb250ZW50XC91cGxvYWRzXC8yMDIyXC8xMVwvSU1HMjAyMTEwMjIxMjUzMTkud2VicCIsInNsaWRlc2hvdyI6ImFsbC00NzNmMmViIn0%3D\">\n\t\t\t\t\t<div class=\"e-gallery-image elementor-gallery-item__image\" data-thumbnail=\"https:\/\/residenciaroma.com\/wp-content\/uploads\/2022\/11\/IMG20211022125319.webp\" data-width=\"800\" data-height=\"1067\" alt=\"\" ><\/div>\n\t\t\t\t\t\t\t\t\t\t\t<div class=\"elementor-gallery-item__overlay\"><\/div>\n\t\t\t\t\t\t\t\t\t\t\t\t\t\t<\/a>\n\t\t\t\t\t\t\t<a class=\"e-gallery-item elementor-gallery-item elementor-animated-content\" href=\"https:\/\/residenciaroma.com\/wp-content\/uploads\/2022\/11\/IMG20211031231024.webp\" data-elementor-open-lightbox=\"yes\" data-elementor-lightbox-slideshow=\"all-473f2eb\" data-elementor-lightbox-title=\"IMG20211031231024\" data-e-action-hash=\"#elementor-action%3Aaction%3Dlightbox%26settings%3DeyJpZCI6Nzk3LCJ1cmwiOiJodHRwczpcL1wvcmVzaWRlbmNpYXJvbWEuY29tXC93cC1jb250ZW50XC91cGxvYWRzXC8yMDIyXC8xMVwvSU1HMjAyMTEwMzEyMzEwMjQud2VicCIsInNsaWRlc2hvdyI6ImFsbC00NzNmMmViIn0%3D\">\n\t\t\t\t\t<div class=\"e-gallery-image elementor-gallery-item__image\" data-thumbnail=\"https:\/\/residenciaroma.com\/wp-content\/uploads\/2022\/11\/IMG20211031231024.webp\" data-width=\"800\" data-height=\"1067\" alt=\"\" ><\/div>\n\t\t\t\t\t\t\t\t\t\t\t<div class=\"elementor-gallery-item__overlay\"><\/div>\n\t\t\t\t\t\t\t\t\t\t\t\t\t\t<\/a>\n\t\t\t\t\t\t\t<a class=\"e-gallery-item elementor-gallery-item elementor-animated-content\" href=\"https:\/\/residenciaroma.com\/wp-content\/uploads\/2022\/11\/IMG20210105001056.webp\" data-elementor-open-lightbox=\"yes\" data-elementor-lightbox-slideshow=\"all-473f2eb\" data-elementor-lightbox-title=\"IMG20210105001056\" data-e-action-hash=\"#elementor-action%3Aaction%3Dlightbox%26settings%3DeyJpZCI6NzkwLCJ1cmwiOiJodHRwczpcL1wvcmVzaWRlbmNpYXJvbWEuY29tXC93cC1jb250ZW50XC91cGxvYWRzXC8yMDIyXC8xMVwvSU1HMjAyMTAxMDUwMDEwNTYud2VicCIsInNsaWRlc2hvdyI6ImFsbC00NzNmMmViIn0%3D\">\n\t\t\t\t\t<div class=\"e-gallery-image elementor-gallery-item__image\" data-thumbnail=\"https:\/\/residenciaroma.com\/wp-content\/uploads\/2022\/11\/IMG20210105001056.webp\" data-width=\"800\" data-height=\"1067\" alt=\"\" ><\/div>\n\t\t\t\t\t\t\t\t\t\t\t<div class=\"elementor-gallery-item__overlay\"><\/div>\n\t\t\t\t\t\t\t\t\t\t\t\t\t\t<\/a>\n\t\t\t\t\t\t\t<a class=\"e-gallery-item elementor-gallery-item elementor-animated-content\" href=\"https:\/\/residenciaroma.com\/wp-content\/uploads\/2022\/11\/IMG20211022125404.webp\" data-elementor-open-lightbox=\"yes\" data-elementor-lightbox-slideshow=\"all-473f2eb\" data-elementor-lightbox-title=\"IMG20211022125404\" data-e-action-hash=\"#elementor-action%3Aaction%3Dlightbox%26settings%3DeyJpZCI6Nzk0LCJ1cmwiOiJodHRwczpcL1wvcmVzaWRlbmNpYXJvbWEuY29tXC93cC1jb250ZW50XC91cGxvYWRzXC8yMDIyXC8xMVwvSU1HMjAyMTEwMjIxMjU0MDQud2VicCIsInNsaWRlc2hvdyI6ImFsbC00NzNmMmViIn0%3D\">\n\t\t\t\t\t<div class=\"e-gallery-image elementor-gallery-item__image\" data-thumbnail=\"https:\/\/residenciaroma.com\/wp-content\/uploads\/2022\/11\/IMG20211022125404.webp\" data-width=\"800\" data-height=\"1067\" alt=\"\" ><\/div>\n\t\t\t\t\t\t\t\t\t\t\t<div class=\"elementor-gallery-item__overlay\"><\/div>\n\t\t\t\t\t\t\t\t\t\t\t\t\t\t<\/a>\n\t\t\t\t\t<\/div>\n\t\t\t\t\t<\/div>\n\t\t\t\t<\/div>\n\t\t\t\t\t<\/div>\n\t\t<\/div>\n\t\t\t\t\t<\/div>\n\t\t<\/section>\n\t\t\t\t<\/div>\n\t\t","protected":false},"excerpt":{"rendered":"<p>Disposem d\u00b4una \u00e0mplia cuina, on, di\u00e0riament, elaborem els nostres men\u00fas, completament casolans. Consisteixen en dieta Basal, Diab\u00e8tica, Hipos\u00f2dica, Hipocal\u00f2rica i Turmix, sense oblidar mai els gustos i prefer\u00e8ncies dels nostres residents.<\/p>\n","protected":false},"author":1,"featured_media":0,"parent":1364,"menu_order":0,"comment_status":"closed","ping_status":"closed","template":"","meta":{"footnotes":""},"class_list":["post-1248","page","type-page","status-publish","hentry"],"yoast_head":"<!-- This site is optimized with the Yoast SEO plugin v26.9 - https:\/\/yoast.com\/product\/yoast-seo-wordpress\/ -->\n<title>Cuina i nutrici\u00f3 - RESIDENCIA GERI\u00c1TRICA ROMA<\/title>\n<meta name=\"robots\" content=\"index, follow, max-snippet:-1, max-image-preview:large, max-video-preview:-1\" \/>\n<link rel=\"canonical\" href=\"https:\/\/residenciaroma.com\/ca\/serveis\/cuina-i-nutricio\/\" \/>\n<meta property=\"og:locale\" content=\"ca_ES\" \/>\n<meta property=\"og:type\" content=\"article\" \/>\n<meta property=\"og:title\" content=\"Cuina i nutrici\u00f3 - RESIDENCIA GERI\u00c1TRICA ROMA\" \/>\n<meta property=\"og:description\" content=\"Disposem d\u00b4una \u00e0mplia cuina, on, di\u00e0riament, elaborem els nostres men\u00fas, completament casolans. Consisteixen en dieta Basal, Diab\u00e8tica, Hipos\u00f2dica, Hipocal\u00f2rica i Turmix, sense oblidar mai els gustos i prefer\u00e8ncies dels nostres residents.\" \/>\n<meta property=\"og:url\" content=\"https:\/\/residenciaroma.com\/ca\/serveis\/cuina-i-nutricio\/\" \/>\n<meta property=\"og:site_name\" content=\"RESIDENCIA GERI\u00c1TRICA ROMA\" \/>\n<meta property=\"article:modified_time\" content=\"2022-12-21T14:36:12+00:00\" \/>\n<meta name=\"twitter:card\" content=\"summary_large_image\" \/>\n<script type=\"application\/ld+json\" class=\"yoast-schema-graph\">{\"@context\":\"https:\/\/schema.org\",\"@graph\":[{\"@type\":\"WebPage\",\"@id\":\"https:\/\/residenciaroma.com\/ca\/serveis\/cuina-i-nutricio\/\",\"url\":\"https:\/\/residenciaroma.com\/ca\/serveis\/cuina-i-nutricio\/\",\"name\":\"Cuina i nutrici\u00f3 - RESIDENCIA GERI\u00c1TRICA ROMA\",\"isPartOf\":{\"@id\":\"https:\/\/residenciaroma.com\/#website\"},\"datePublished\":\"2022-11-17T09:36:53+00:00\",\"dateModified\":\"2022-12-21T14:36:12+00:00\",\"breadcrumb\":{\"@id\":\"https:\/\/residenciaroma.com\/ca\/serveis\/cuina-i-nutricio\/#breadcrumb\"},\"inLanguage\":\"ca\",\"potentialAction\":[{\"@type\":\"ReadAction\",\"target\":[\"https:\/\/residenciaroma.com\/ca\/serveis\/cuina-i-nutricio\/\"]}]},{\"@type\":\"BreadcrumbList\",\"@id\":\"https:\/\/residenciaroma.com\/ca\/serveis\/cuina-i-nutricio\/#breadcrumb\",\"itemListElement\":[{\"@type\":\"ListItem\",\"position\":1,\"name\":\"Portada\",\"item\":\"https:\/\/residenciaroma.com\/ca\/\"},{\"@type\":\"ListItem\",\"position\":2,\"name\":\"Serveis\",\"item\":\"https:\/\/residenciaroma.com\/ca\/serveis\/\"},{\"@type\":\"ListItem\",\"position\":3,\"name\":\"Cuina i nutrici\u00f3\"}]},{\"@type\":\"WebSite\",\"@id\":\"https:\/\/residenciaroma.com\/#website\",\"url\":\"https:\/\/residenciaroma.com\/\",\"name\":\"RESIDENCIA GERI\u00c1TRICA ROMA\",\"description\":\"Residencia para la tercera edad en Pallej\u00e0 (Barcelona). Atenci\u00f3n integral para los mayores.\",\"publisher\":{\"@id\":\"https:\/\/residenciaroma.com\/#organization\"},\"potentialAction\":[{\"@type\":\"SearchAction\",\"target\":{\"@type\":\"EntryPoint\",\"urlTemplate\":\"https:\/\/residenciaroma.com\/?s={search_term_string}\"},\"query-input\":{\"@type\":\"PropertyValueSpecification\",\"valueRequired\":true,\"valueName\":\"search_term_string\"}}],\"inLanguage\":\"ca\"},{\"@type\":\"Organization\",\"@id\":\"https:\/\/residenciaroma.com\/#organization\",\"name\":\"RESIDENCIA GERI\u00c1TRICA ROMA\",\"url\":\"https:\/\/residenciaroma.com\/\",\"logo\":{\"@type\":\"ImageObject\",\"inLanguage\":\"ca\",\"@id\":\"https:\/\/residenciaroma.com\/#\/schema\/logo\/image\/\",\"url\":\"https:\/\/residenciaroma.com\/wp-content\/uploads\/2022\/11\/logo-residencia-roma-h.svg\",\"contentUrl\":\"https:\/\/residenciaroma.com\/wp-content\/uploads\/2022\/11\/logo-residencia-roma-h.svg\",\"width\":240,\"height\":63,\"caption\":\"RESIDENCIA GERI\u00c1TRICA ROMA\"},\"image\":{\"@id\":\"https:\/\/residenciaroma.com\/#\/schema\/logo\/image\/\"}}]}<\/script>\n<!-- \/ Yoast SEO plugin. -->","yoast_head_json":{"title":"Cuina i nutrici\u00f3 - RESIDENCIA GERI\u00c1TRICA ROMA","robots":{"index":"index","follow":"follow","max-snippet":"max-snippet:-1","max-image-preview":"max-image-preview:large","max-video-preview":"max-video-preview:-1"},"canonical":"https:\/\/residenciaroma.com\/ca\/serveis\/cuina-i-nutricio\/","og_locale":"ca_ES","og_type":"article","og_title":"Cuina i nutrici\u00f3 - RESIDENCIA GERI\u00c1TRICA ROMA","og_description":"Disposem d\u00b4una \u00e0mplia cuina, on, di\u00e0riament, elaborem els nostres men\u00fas, completament casolans. Consisteixen en dieta Basal, Diab\u00e8tica, Hipos\u00f2dica, Hipocal\u00f2rica i Turmix, sense oblidar mai els gustos i prefer\u00e8ncies dels nostres residents.","og_url":"https:\/\/residenciaroma.com\/ca\/serveis\/cuina-i-nutricio\/","og_site_name":"RESIDENCIA GERI\u00c1TRICA ROMA","article_modified_time":"2022-12-21T14:36:12+00:00","twitter_card":"summary_large_image","schema":{"@context":"https:\/\/schema.org","@graph":[{"@type":"WebPage","@id":"https:\/\/residenciaroma.com\/ca\/serveis\/cuina-i-nutricio\/","url":"https:\/\/residenciaroma.com\/ca\/serveis\/cuina-i-nutricio\/","name":"Cuina i nutrici\u00f3 - RESIDENCIA GERI\u00c1TRICA ROMA","isPartOf":{"@id":"https:\/\/residenciaroma.com\/#website"},"datePublished":"2022-11-17T09:36:53+00:00","dateModified":"2022-12-21T14:36:12+00:00","breadcrumb":{"@id":"https:\/\/residenciaroma.com\/ca\/serveis\/cuina-i-nutricio\/#breadcrumb"},"inLanguage":"ca","potentialAction":[{"@type":"ReadAction","target":["https:\/\/residenciaroma.com\/ca\/serveis\/cuina-i-nutricio\/"]}]},{"@type":"BreadcrumbList","@id":"https:\/\/residenciaroma.com\/ca\/serveis\/cuina-i-nutricio\/#breadcrumb","itemListElement":[{"@type":"ListItem","position":1,"name":"Portada","item":"https:\/\/residenciaroma.com\/ca\/"},{"@type":"ListItem","position":2,"name":"Serveis","item":"https:\/\/residenciaroma.com\/ca\/serveis\/"},{"@type":"ListItem","position":3,"name":"Cuina i nutrici\u00f3"}]},{"@type":"WebSite","@id":"https:\/\/residenciaroma.com\/#website","url":"https:\/\/residenciaroma.com\/","name":"RESIDENCIA GERI\u00c1TRICA ROMA","description":"Residencia para la tercera edad en Pallej\u00e0 (Barcelona). Atenci\u00f3n integral para los mayores.","publisher":{"@id":"https:\/\/residenciaroma.com\/#organization"},"potentialAction":[{"@type":"SearchAction","target":{"@type":"EntryPoint","urlTemplate":"https:\/\/residenciaroma.com\/?s={search_term_string}"},"query-input":{"@type":"PropertyValueSpecification","valueRequired":true,"valueName":"search_term_string"}}],"inLanguage":"ca"},{"@type":"Organization","@id":"https:\/\/residenciaroma.com\/#organization","name":"RESIDENCIA GERI\u00c1TRICA ROMA","url":"https:\/\/residenciaroma.com\/","logo":{"@type":"ImageObject","inLanguage":"ca","@id":"https:\/\/residenciaroma.com\/#\/schema\/logo\/image\/","url":"https:\/\/residenciaroma.com\/wp-content\/uploads\/2022\/11\/logo-residencia-roma-h.svg","contentUrl":"https:\/\/residenciaroma.com\/wp-content\/uploads\/2022\/11\/logo-residencia-roma-h.svg","width":240,"height":63,"caption":"RESIDENCIA GERI\u00c1TRICA ROMA"},"image":{"@id":"https:\/\/residenciaroma.com\/#\/schema\/logo\/image\/"}}]}},"_links":{"self":[{"href":"https:\/\/residenciaroma.com\/ca\/wp-json\/wp\/v2\/pages\/1248","targetHints":{"allow":["GET"]}}],"collection":[{"href":"https:\/\/residenciaroma.com\/ca\/wp-json\/wp\/v2\/pages"}],"about":[{"href":"https:\/\/residenciaroma.com\/ca\/wp-json\/wp\/v2\/types\/page"}],"author":[{"embeddable":true,"href":"https:\/\/residenciaroma.com\/ca\/wp-json\/wp\/v2\/users\/1"}],"replies":[{"embeddable":true,"href":"https:\/\/residenciaroma.com\/ca\/wp-json\/wp\/v2\/comments?post=1248"}],"version-history":[{"count":3,"href":"https:\/\/residenciaroma.com\/ca\/wp-json\/wp\/v2\/pages\/1248\/revisions"}],"predecessor-version":[{"id":1278,"href":"https:\/\/residenciaroma.com\/ca\/wp-json\/wp\/v2\/pages\/1248\/revisions\/1278"}],"up":[{"embeddable":true,"href":"https:\/\/residenciaroma.com\/ca\/wp-json\/wp\/v2\/pages\/1364"}],"wp:attachment":[{"href":"https:\/\/residenciaroma.com\/ca\/wp-json\/wp\/v2\/media?parent=1248"}],"curies":[{"name":"wp","href":"https:\/\/api.w.org\/{rel}","templated":true}]}}